{"id":1004,"date":"2018-11-13T02:33:48","date_gmt":"2018-11-13T02:33:48","guid":{"rendered":"https:\/\/marinamorris.com\/?page_id=1004"},"modified":"2019-11-29T19:33:38","modified_gmt":"2019-11-29T19:33:38","slug":"difusion","status":"publish","type":"page","link":"https:\/\/marinamorris.com\/index.php\/difusion\/","title":{"rendered":"Difusi\u00f3n"},"content":{"rendered":"<h3><img loading=\"lazy\" decoding=\"async\" class=\"alignleft wp-image-1011 size-full\" src=\"https:\/\/marinamorris.com\/wp-content\/uploads\/2018\/11\/portada01.png\" alt=\"\" width=\"657\" height=\"594\" srcset=\"https:\/\/marinamorris.com\/wp-content\/uploads\/2018\/11\/portada01.png 657w, https:\/\/marinamorris.com\/wp-content\/uploads\/2018\/11\/portada01-300x271.png 300w\" sizes=\"auto, (max-width: 657px) 100vw, 657px\" \/><\/h3>\n<h3>Cobertura y especiales en medios impresos y TV<\/h3>\n<p>Documental <a href=\"https:\/\/www.facebook.com\/marinamorrisuruchurtu\/videos\/547899322695751\/\">&#8220;43 y contando&#8221;<\/a>, dirigido por Marina Morris, se expone en Par\u00eds, en el Centro Cultural de M\u00e9xico.<\/p>\n<p>Inside-Outside ha estado rompiendo fronteras. Se expone hasta enero del 2020 en Ciudad Ju\u00e1rez. <a href=\"https:\/\/www.facebook.com\/ADN40mx\/videos\/2333102470284131\/UzpfSTE3NzMxOTk2NDk1NzAyMTg6MjQwNjQxMDk4MjkxNTc0NQ\/\">ADN40<\/a> cubri\u00f3 la exposici\u00f3n as\u00ed mismo algunos peri\u00f3dicos locales como <a href=\"http:\/\/www.juarezlifemagazine.com\/marina.php?fbclid=IwAR0EKRPWevlzHLQLa0ERO-li3mNb5Kfz9z2dZJN-RoabJMuK_TiyZLlTx0c\">Ju\u00e1rez Life Magazine<\/a> y otros nacionales como La Jornada.<\/p>\n<p>Para la exposici\u00f3n All\u00ed, all\u00e1 y acull\u00e1, en San Luis Potos\u00ed, M\u00e9xico, <a href=\"https:\/\/youtu.be\/-cYtePtZYME\" target=\"_blank\" rel=\"noopener\">TvAzteca<\/a> realiz\u00f3 una c\u00e1psula informativa y Televisa entrevist\u00f3 a la artista en su <a href=\"https:\/\/youtu.be\/6QLKQBHC8BY\" target=\"_blank\" rel=\"noopener\">noticiero nocturno<\/a> y tambi\u00e9n <a href=\"https:\/\/youtu.be\/67Q6XMcGraA\" target=\"_blank\" rel=\"noopener\">en el matutino<\/a>. En el mismo sentido, hubieron varias notas informativas en peri\u00f3dicos como <a href=\"http:\/\/lajornadasanluis.com.mx\/agenda\/expondran-alli-alla-y-aculla-inside-outside-de-marina-morris-uruchurtu\/\" target=\"_blank\" rel=\"noopener\">La Jornada<\/a> y el <a href=\"http:\/\/www.elexpres.com\/2015\/nota.php?story_id=182737\" target=\"_blank\" rel=\"noopener\">Expr\u00e9s<\/a>.<\/p>\n<p><a href=\"https:\/\/youtu.be\/TURV7LScB38\">C\u00e1psula Le Vie dell\u00b4Arte<\/a>, de entrevistas en Italia, Florencia. A partir de una exposici\u00f3n colectiva internacional en la Galleria d\u00b4Arte Mentana, se realiz\u00f3 una c\u00e1psula de entrevistas a los artistas participantes.<\/p>\n<p>Nota en el peri\u00f3dico <a href=\"http:\/\/eleconomista.com.mx\/entretenimiento\/2016\/10\/06\/mundo-visto-gran-angular\">El Economista<\/a> por Fausto Ponce sobre las cualidades del trabajo fotogr\u00e1fico y composiciones digitales de la fot\u00f3grafa.<\/p>\n<p><a href=\"http:\/\/www.youtube.com\/watch?v=dc9KGEOPExo&amp;feature=share)\">Programa D Todo en Canal Once<\/a> Dirigido por Alexia \u00c1vila, dedic\u00f3 su programa a conocer el trabajo de la fot\u00f3grafa Marina Morris Uruchurtu a trav\u00e9s de la exposici\u00f3n Fragmentos del Tiempo en la Galer\u00eda Agua Fuerte.<\/p>\n<p>Notas en la revista Ent\u00e9rate sobre <a href=\"http:\/\/revistaenterate.mx\/index.php\/statistics\/cultura\/7025-el-estilo-diferente-de-la-fotografa-mariana-morris\">El estilo diferente de la fot\u00f3grafa Marina Morris<\/a>\u00a0 y la <a href=\"http:\/\/revistaenterate.mx\/index.php\/statistics\/cultura\/7017-incomparable-exposicion-de-marina-morris-uruchurtu\">exposici\u00f3n individual en Casa Quimera<\/a>.\u00a0 Notas que hablan de la trayectoria de la fot\u00f3grafa Marina Morris y su exposici\u00f3n Inside-Outside.<\/p>\n<h3><\/h3>\n<h3>Publicaciones<\/h3>\n<p>Fotograf\u00eda de portada e interiores, 2017,\u00a0 libro conmemorativo <strong>\u201dCien a\u00f1os de luz sobre Santiago de Quer\u00e9taro\u201d; <\/strong>Fotograf\u00eda de portada, 2017, libros <strong>\u201dLetra Muerta\u201d y \u201cArder en el Agua\u201d <\/strong>de Patricia Vidal; Producci\u00f3n fotogr\u00e1fica y dise\u00f1o, 2016. Cat\u00e1logo de exposici\u00f3n <strong>\u201dInside-Outside\u201d<\/strong>; Producci\u00f3n y coordinaci\u00f3n fotogr\u00e1fica, 2015. Portal <strong>\u201dLa Banquetera\u201d<\/strong>;<\/p>\n<p>Producci\u00f3n y coordinaci\u00f3n fotogr\u00e1fica, 2013. Portal <strong>\u201dHacedores de las Palabras\u201d<\/strong>; Fotograf\u00eda de portada, 2013. Libro <strong>\u201dEduaci\u00f3n Inicial\u201d<\/strong>; Selecci\u00f3n y producci\u00f3n fotogr\u00e1fica, 2011. Libro conmemorativo <strong>\u201dConafe, 40 a\u00f1os\u201d<\/strong>; Coordinaci\u00f3n y selecci\u00f3n fotogr\u00e1fica, 2009. Colecci\u00f3n <strong>\u201dPeque\u00f1os migrantes, grandes mirantes\u201d<\/strong>;<\/p>\n<p>Coordinaci\u00f3n iconogr\u00e1fica y de producci\u00f3n, 2008. Revista <strong>\u201d2010, Memoria de las revoluciones en M\u00e9xico\u201d<\/strong>; Coordinaci\u00f3n de iconogr\u00e1fica y de producci\u00f3n, 2008. Libro <strong>\u201dLa Danza Regional\u201d<\/strong>;<\/p>\n<p>Retoque fotogr\u00e1fico, producci\u00f3n y coordinaci\u00f3n iconogr\u00e1fica, 2007. Libro conmemorativo <strong>\u201dEl Abasto\u201d<\/strong>; Producci\u00f3n fotogr\u00e1fica y coordinaci\u00f3n de producci\u00f3n, 2006. Fasc\u00edculos <strong>\u201d25 a\u00f1os, 25 historias de vida\u201d<\/strong>.<\/p>\n","protected":false},"excerpt":{"rendered":"<p>Cobertura y especiales en medios impresos y TV Documental &#8220;43 y contando&#8221;, dirigido por Marina Morris, se expone en Par\u00eds, en el Centro Cultural de M\u00e9xico. Inside-Outside ha estado rompiendo fronteras. Se expone hasta enero del 2020 en Ciudad Ju\u00e1rez. ADN40 cubri\u00f3 la exposici\u00f3n as\u00ed mismo algunos peri\u00f3dicos locales como Ju\u00e1rez Life Magazine y otros nacionales como La Jornada. Para la exposici\u00f3n All\u00ed, all\u00e1 y acull\u00e1, en San Luis Potos\u00ed, M\u00e9xico, TvAzteca realiz\u00f3 una c\u00e1psula informativa y Televisa entrevist\u00f3 a [&hellip;]<\/p>\n","protected":false},"author":1,"featured_media":1008,"parent":0,"menu_order":0,"comment_status":"closed","ping_status":"closed","template":"","meta":{"footnotes":""},"class_list":["post-1004","page","type-page","status-publish","has-post-thumbnail","hentry"],"_links":{"self":[{"href":"https:\/\/marinamorris.com\/index.php\/wp-json\/wp\/v2\/pages\/1004","targetHints":{"allow":["GET"]}}],"collection":[{"href":"https:\/\/marinamorris.com\/index.php\/wp-json\/wp\/v2\/pages"}],"about":[{"href":"https:\/\/marinamorris.com\/index.php\/wp-json\/wp\/v2\/types\/page"}],"author":[{"embeddable":true,"href":"https:\/\/marinamorris.com\/index.php\/wp-json\/wp\/v2\/users\/1"}],"replies":[{"embeddable":true,"href":"https:\/\/marinamorris.com\/index.php\/wp-json\/wp\/v2\/comments?post=1004"}],"version-history":[{"count":9,"href":"https:\/\/marinamorris.com\/index.php\/wp-json\/wp\/v2\/pages\/1004\/revisions"}],"predecessor-version":[{"id":1042,"href":"https:\/\/marinamorris.com\/index.php\/wp-json\/wp\/v2\/pages\/1004\/revisions\/1042"}],"wp:featuredmedia":[{"embeddable":true,"href":"https:\/\/marinamorris.com\/index.php\/wp-json\/wp\/v2\/media\/1008"}],"wp:attachment":[{"href":"https:\/\/marinamorris.com\/index.php\/wp-json\/wp\/v2\/media?parent=1004"}],"curies":[{"name":"wp","href":"https:\/\/api.w.org\/{rel}","templated":true}]}}